{"id":3,"date":"2019-09-19T17:30:12","date_gmt":"2019-09-19T17:30:12","guid":{"rendered":"http:\/\/localhost\/acufast-dev\/?page_id=3"},"modified":"2024-01-23T11:15:37","modified_gmt":"2024-01-23T19:15:37","slug":"privacy-policy","status":"publish","type":"page","link":"https:\/\/acufastneedles.com\/fr\/privacy-policy\/","title":{"rendered":"Avis de Confidentialit\u00e9"},"content":{"rendered":"<div class=\"fusion-fullwidth fullwidth-box fusion-builder-row-1 fusion-flex-container nonhundred-percent-fullwidth non-hundred-percent-height-scrolling\" style=\"--awb-border-radius-top-left:0px;--awb-border-radius-top-right:0px;--awb-border-radius-bottom-right:0px;--awb-border-radius-bottom-left:0px;--awb-flex-wrap:wrap;\" ><div class=\"fusion-builder-row fusion-row fusion-flex-align-items-flex-start fusion-flex-content-wrap\" style=\"max-width:1216.8px;margin-left: calc(-4% \/ 2 );margin-right: calc(-4% \/ 2 );\"><div class=\"fusion-layout-column fusion_builder_column fusion-builder-column-0 fusion_builder_column_1_1 1_1 fusion-flex-column\" style=\"--awb-bg-size:cover;--awb-width-large:100%;--awb-margin-top-large:0px;--awb-spacing-right-large:1.92%;--awb-margin-bottom-large:0px;--awb-spacing-left-large:1.92%;--awb-width-medium:100%;--awb-spacing-right-medium:1.92%;--awb-spacing-left-medium:1.92%;--awb-width-small:100%;--awb-spacing-right-small:1.92%;--awb-spacing-left-small:1.92%;\"><div class=\"fusion-column-wrapper fusion-flex-justify-content-flex-start fusion-content-layout-column\"><div class=\"fusion-title title fusion-title-1 fusion-sep-none fusion-title-text fusion-title-size-two\" style=\"--awb-margin-top-small:0px;--awb-margin-bottom-small:20px;\"><h2 class=\"fusion-title-heading title-heading-left fusion-responsive-typography-calculated\" style=\"margin:0;--fontSize:40;line-height:1.2;\">Avis de Confidentialit\u00e9<\/h2><\/div><div class=\"fusion-text fusion-text-1\"><\/p>\n<p>Merci d'avoir choisi les Aiguilles Acufast Earth Friendly, fabriqu\u00e9es par Eastern Currents Ltd. Nous appr\u00e9cions la confiance que vous nous accordez pour vous fournir des aiguilles d'acupuncture et des accessoires respectueux de l'environnement et pour prot\u00e9ger votre vie priv\u00e9e lorsque vous interagissez avec nous. Cette politique d\u00e9crit le type d'informations que nous recueillons, avec qui et quand nous partageons vos donn\u00e9es, et les efforts que nous d\u00e9ployons pour prot\u00e9ger vos informations.<\/p>\n<p><strong>Les donn\u00e9es personnelles que nous collectons et les raisons pour lesquelles nous les collectons<\/strong><\/p>\n<p>Nous recueillons vos informations personnelles afin de vous fournir des services et des produits. Voici les types d'informations personnelles que nous recueillons:<\/p>\n<p><strong>Informations que Vous Nous Communiquez<\/strong><\/p>\n<p>Lorsque vous soumettez une demande de renseignements ou une demande d'\u00e9chantillons, les informations personnelles que vous nous fournissez sont stock\u00e9es dans notre base de donn\u00e9es. Certaines de ces informations sont synchronis\u00e9es avec notre compte de marketing par courriel.<\/p>\n<p><strong>Vous nous fournissez \u00e9galement des informations lorsque vous<\/strong><\/p>\n<ul>\n<li>communiquer avec nous par courriel ou sur Facebook\/Instagram<\/li>\n<li>remplir un questionnaire ou un formulaire de participation \u00e0 un concours<\/li>\n<li>fournir et \u00e9valuer des examens<\/li>\n<\/ul>\n<p><strong>Information Automatique<\/strong><\/p>\n<ul>\n<li>l'adresse du protocole internet (IP) utilis\u00e9e pour connecter votre ordinateur \u00e0 l'internet<\/li>\n<li>contenu interaction information<\/li>\n<\/ul>\n<p><strong>Cookies du Navigateur<\/strong><\/p>\n<p>Nous utilisons les cookies de navigation suivants sur notre site:<\/p>\n<ul>\n<li>cookies de commentaires<\/li>\n<li>historique de navigation<\/li>\n<li>historique des recherches<\/li>\n<li>cookies de suivi<\/li>\n<li>cookies publicitaires<\/li>\n<\/ul>\n<p><strong>Contenu int\u00e9gr\u00e9 d'autres sites web<\/strong><\/p>\n<p>Les vid\u00e9os int\u00e9gr\u00e9es sur notre site \u00e0 l'aide de You Tube ou Vimeo seront soumises aux politiques de confidentialit\u00e9 et de cookies de ces sites.<\/p>\n<p><strong>Quels sont les droits dont vous disposez sur vos donn\u00e9es?<\/strong><\/p>\n<p>Vous pouvez nous demander d'effacer les donn\u00e9es personnelles que nous d\u00e9tenons \u00e0 votre sujet. Cela n'inclut pas les donn\u00e9es que nous sommes oblig\u00e9s de conserver \u00e0 des fins administratives, juridiques ou de s\u00e9curit\u00e9.<\/p>\n<p><strong>Ce que nous faisons de vos informations<\/strong><\/p>\n<p>Nous utilisons vos informations personnelles pour vous envoyer les produits que vous avez command\u00e9s et pour vous contacter en cas de probl\u00e8me avec votre commande ou pour r\u00e9pondre \u00e0 vos questions. Si vous avez choisi de recevoir des courriels de notre part, nous pouvons vous contacter au sujet de nouveaux produits, de l'actualit\u00e9 du secteur, de s\u00e9minaires et de ventes \u00e9ventuelles.&nbsp;<strong>Nous ne vendons pas vos informations \u00e0 d'autres parties.<\/strong><\/p>\n<p><strong>Avec qui nous partageons vos informations<\/strong><\/p>\n<ul>\n<li>Lorsque vous demandez que des produits vous soient exp\u00e9di\u00e9s, votre nom et votre adresse sont communiqu\u00e9s aux soci\u00e9t\u00e9s de messagerie.<\/li>\n<li>Nous pouvons communiquer votre nom et vos coordonn\u00e9es \u00e0 nos distributeurs pour r\u00e9pondre aux demandes et aux questions.<\/li>\n<li>Votre nom et votre adresse \u00e9lectronique sont ajout\u00e9s \u00e0 un site de campagne \u00e9lectronique tiers en ligne que nous utilisons pour tous les courriels que nous envoyons.<\/li>\n<li>Si cela s'av\u00e8re n\u00e9cessaire, vos informations peuvent \u00eatre partag\u00e9es avec les autorit\u00e9s l\u00e9gales ou r\u00e9glementaires en cas de r\u00e9clamation \u00e0 votre encontre.<\/li>\n<\/ul>\n<p><strong>Comment nous prot\u00e9geons vos informations<\/strong><\/p>\n<p>Nous nous effor\u00e7ons de prot\u00e9ger la s\u00e9curit\u00e9 de vos informations personnelles pendant leur transmission en utilisant des protocoles et des logiciels de cryptage. Notre syst\u00e8me est dot\u00e9 de fonctions de s\u00e9curit\u00e9 qui nous prot\u00e8gent, ainsi que vous, contre l'acc\u00e8s non autoris\u00e9 et la perte de donn\u00e9es.<\/p>\n<p>Nos serveurs sont h\u00e9berg\u00e9s au Canada.<\/p>\n<p>Notre site web utilise le cryptage SSL pour garantir la s\u00e9curit\u00e9 des informations que vous saisissez dans nos formulaires.<\/p>\n<p>Il est \u00e9galement important que vous vous prot\u00e9giez contre tout acc\u00e8s non autoris\u00e9 \u00e0 vos mots de passe et \u00e0 vos ordinateurs, appareils et applications. Veillez \u00e0 vous d\u00e9connecter lorsque vous avez fini d'utiliser un ordinateur partag\u00e9.<\/p>\n<p><strong>Modifications de notre politique de confidentialit\u00e9<\/strong><\/p>\n<p>Nous nous r\u00e9servons le droit de modifier notre politique de confidentialit\u00e9 de temps \u00e0 autre. Le site web contiendra la version actuelle de la politique de confidentialit\u00e9.<\/p><\/p>\n<\/div><\/div><\/div><\/div><\/div>","protected":false},"excerpt":{"rendered":"","protected":false},"author":1,"featured_media":0,"parent":0,"menu_order":0,"comment_status":"closed","ping_status":"open","template":"","meta":{"inline_featured_image":false,"footnotes":""},"class_list":["post-3","page","type-page","status-publish","hentry"],"yoast_head":"<!-- This site is optimized with the Yoast SEO plugin v27.4 - https:\/\/yoast.com\/product\/yoast-seo-wordpress\/ -->\n<title>Privacy Policy - Acufast\u00ae<\/title>\n<meta name=\"robots\" content=\"index, follow, max-snippet:-1, max-image-preview:large, max-video-preview:-1\" \/>\n<link rel=\"canonical\" href=\"https:\/\/acufastneedles.com\/fr\/privacy-policy\/\" \/>\n<meta property=\"og:locale\" content=\"fr_FR\" \/>\n<meta property=\"og:type\" content=\"article\" \/>\n<meta property=\"og:title\" content=\"Privacy Policy - Acufast\u00ae\" \/>\n<meta property=\"og:url\" content=\"https:\/\/acufastneedles.com\/fr\/privacy-policy\/\" \/>\n<meta property=\"og:site_name\" content=\"Acufast\u00ae\" \/>\n<meta property=\"article:publisher\" content=\"https:\/\/www.facebook.com\/acufastneedles\/\" \/>\n<meta property=\"article:modified_time\" content=\"2024-01-23T19:15:37+00:00\" \/>\n<meta property=\"og:image\" content=\"https:\/\/acufastneedles.com\/wp-content\/uploads\/2019\/10\/acufast-logo-web.jpg\" \/>\n\t<meta property=\"og:image:width\" content=\"573\" \/>\n\t<meta property=\"og:image:height\" content=\"572\" \/>\n\t<meta property=\"og:image:type\" content=\"image\/jpeg\" \/>\n<meta name=\"twitter:card\" content=\"summary_large_image\" \/>\n<meta name=\"twitter:label1\" content=\"Dur\u00e9e de lecture estim\u00e9e\" \/>\n\t<meta name=\"twitter:data1\" content=\"4 minutes\" \/>\n<script type=\"application\/ld+json\" class=\"yoast-schema-graph\">{\"@context\":\"https:\\\/\\\/schema.org\",\"@graph\":[{\"@type\":\"WebPage\",\"@id\":\"https:\\\/\\\/acufastneedles.com\\\/privacy-policy\\\/\",\"url\":\"https:\\\/\\\/acufastneedles.com\\\/privacy-policy\\\/\",\"name\":\"Privacy Policy - Acufast\u00ae\",\"isPartOf\":{\"@id\":\"https:\\\/\\\/acufastneedles.com\\\/#website\"},\"datePublished\":\"2019-09-19T17:30:12+00:00\",\"dateModified\":\"2024-01-23T19:15:37+00:00\",\"breadcrumb\":{\"@id\":\"https:\\\/\\\/acufastneedles.com\\\/privacy-policy\\\/#breadcrumb\"},\"inLanguage\":\"fr-FR\",\"potentialAction\":[{\"@type\":\"ReadAction\",\"target\":[\"https:\\\/\\\/acufastneedles.com\\\/privacy-policy\\\/\"]}]},{\"@type\":\"BreadcrumbList\",\"@id\":\"https:\\\/\\\/acufastneedles.com\\\/privacy-policy\\\/#breadcrumb\",\"itemListElement\":[{\"@type\":\"ListItem\",\"position\":1,\"name\":\"Home\",\"item\":\"https:\\\/\\\/acufastneedles.com\\\/\"},{\"@type\":\"ListItem\",\"position\":2,\"name\":\"Privacy Policy\"}]},{\"@type\":\"WebSite\",\"@id\":\"https:\\\/\\\/acufastneedles.com\\\/#website\",\"url\":\"https:\\\/\\\/acufastneedles.com\\\/\",\"name\":\"Acufast\u00ae\",\"description\":\"The Earth Friendly Acupuncture Needle\",\"publisher\":{\"@id\":\"https:\\\/\\\/acufastneedles.com\\\/#organization\"},\"potentialAction\":[{\"@type\":\"SearchAction\",\"target\":{\"@type\":\"EntryPoint\",\"urlTemplate\":\"https:\\\/\\\/acufastneedles.com\\\/?s={search_term_string}\"},\"query-input\":{\"@type\":\"PropertyValueSpecification\",\"valueRequired\":true,\"valueName\":\"search_term_string\"}}],\"inLanguage\":\"fr-FR\"},{\"@type\":\"Organization\",\"@id\":\"https:\\\/\\\/acufastneedles.com\\\/#organization\",\"name\":\"Acufast Needles\",\"url\":\"https:\\\/\\\/acufastneedles.com\\\/\",\"logo\":{\"@type\":\"ImageObject\",\"inLanguage\":\"fr-FR\",\"@id\":\"https:\\\/\\\/acufastneedles.com\\\/#\\\/schema\\\/logo\\\/image\\\/\",\"url\":\"https:\\\/\\\/acufastneedles.com\\\/wp-content\\\/uploads\\\/2019\\\/10\\\/acufast-logo-web.jpg\",\"contentUrl\":\"https:\\\/\\\/acufastneedles.com\\\/wp-content\\\/uploads\\\/2019\\\/10\\\/acufast-logo-web.jpg\",\"width\":573,\"height\":572,\"caption\":\"Acufast Needles\"},\"image\":{\"@id\":\"https:\\\/\\\/acufastneedles.com\\\/#\\\/schema\\\/logo\\\/image\\\/\"},\"sameAs\":[\"https:\\\/\\\/www.facebook.com\\\/acufastneedles\\\/\",\"https:\\\/\\\/www.instagram.com\\\/acufast\\\/\",\"https:\\\/\\\/www.youtube.com\\\/channel\\\/UCx6YcfgiwAVJJbmq-itv6qw\"]}]}<\/script>\n<!-- \/ Yoast SEO plugin. -->","yoast_head_json":{"title":"Privacy Policy - Acufast\u00ae","robots":{"index":"index","follow":"follow","max-snippet":"max-snippet:-1","max-image-preview":"max-image-preview:large","max-video-preview":"max-video-preview:-1"},"canonical":"https:\/\/acufastneedles.com\/fr\/privacy-policy\/","og_locale":"fr_FR","og_type":"article","og_title":"Privacy Policy - Acufast\u00ae","og_url":"https:\/\/acufastneedles.com\/fr\/privacy-policy\/","og_site_name":"Acufast\u00ae","article_publisher":"https:\/\/www.facebook.com\/acufastneedles\/","article_modified_time":"2024-01-23T19:15:37+00:00","og_image":[{"width":573,"height":572,"url":"https:\/\/acufastneedles.com\/wp-content\/uploads\/2019\/10\/acufast-logo-web.jpg","type":"image\/jpeg"}],"twitter_card":"summary_large_image","twitter_misc":{"Dur\u00e9e de lecture estim\u00e9e":"4 minutes"},"schema":{"@context":"https:\/\/schema.org","@graph":[{"@type":"WebPage","@id":"https:\/\/acufastneedles.com\/privacy-policy\/","url":"https:\/\/acufastneedles.com\/privacy-policy\/","name":"Privacy Policy - Acufast\u00ae","isPartOf":{"@id":"https:\/\/acufastneedles.com\/#website"},"datePublished":"2019-09-19T17:30:12+00:00","dateModified":"2024-01-23T19:15:37+00:00","breadcrumb":{"@id":"https:\/\/acufastneedles.com\/privacy-policy\/#breadcrumb"},"inLanguage":"fr-FR","potentialAction":[{"@type":"ReadAction","target":["https:\/\/acufastneedles.com\/privacy-policy\/"]}]},{"@type":"BreadcrumbList","@id":"https:\/\/acufastneedles.com\/privacy-policy\/#breadcrumb","itemListElement":[{"@type":"ListItem","position":1,"name":"Home","item":"https:\/\/acufastneedles.com\/"},{"@type":"ListItem","position":2,"name":"Privacy Policy"}]},{"@type":"WebSite","@id":"https:\/\/acufastneedles.com\/#website","url":"https:\/\/acufastneedles.com\/","name":"Acufast\u00ae","description":"The Earth Friendly Acupuncture Needle","publisher":{"@id":"https:\/\/acufastneedles.com\/#organization"},"potentialAction":[{"@type":"SearchAction","target":{"@type":"EntryPoint","urlTemplate":"https:\/\/acufastneedles.com\/?s={search_term_string}"},"query-input":{"@type":"PropertyValueSpecification","valueRequired":true,"valueName":"search_term_string"}}],"inLanguage":"fr-FR"},{"@type":"Organization","@id":"https:\/\/acufastneedles.com\/#organization","name":"Aiguilles Acufast","url":"https:\/\/acufastneedles.com\/","logo":{"@type":"ImageObject","inLanguage":"fr-FR","@id":"https:\/\/acufastneedles.com\/#\/schema\/logo\/image\/","url":"https:\/\/acufastneedles.com\/wp-content\/uploads\/2019\/10\/acufast-logo-web.jpg","contentUrl":"https:\/\/acufastneedles.com\/wp-content\/uploads\/2019\/10\/acufast-logo-web.jpg","width":573,"height":572,"caption":"Acufast Needles"},"image":{"@id":"https:\/\/acufastneedles.com\/#\/schema\/logo\/image\/"},"sameAs":["https:\/\/www.facebook.com\/acufastneedles\/","https:\/\/www.instagram.com\/acufast\/","https:\/\/www.youtube.com\/channel\/UCx6YcfgiwAVJJbmq-itv6qw"]}]}},"_links":{"self":[{"href":"https:\/\/acufastneedles.com\/fr\/wp-json\/wp\/v2\/pages\/3","targetHints":{"allow":["GET"]}}],"collection":[{"href":"https:\/\/acufastneedles.com\/fr\/wp-json\/wp\/v2\/pages"}],"about":[{"href":"https:\/\/acufastneedles.com\/fr\/wp-json\/wp\/v2\/types\/page"}],"author":[{"embeddable":true,"href":"https:\/\/acufastneedles.com\/fr\/wp-json\/wp\/v2\/users\/1"}],"replies":[{"embeddable":true,"href":"https:\/\/acufastneedles.com\/fr\/wp-json\/wp\/v2\/comments?post=3"}],"version-history":[{"count":3,"href":"https:\/\/acufastneedles.com\/fr\/wp-json\/wp\/v2\/pages\/3\/revisions"}],"predecessor-version":[{"id":5021,"href":"https:\/\/acufastneedles.com\/fr\/wp-json\/wp\/v2\/pages\/3\/revisions\/5021"}],"wp:attachment":[{"href":"https:\/\/acufastneedles.com\/fr\/wp-json\/wp\/v2\/media?parent=3"}],"curies":[{"name":"wp","href":"https:\/\/api.w.org\/{rel}","templated":true}]}}