{"id":4026,"date":"2021-10-15T16:06:58","date_gmt":"2021-10-15T23:06:58","guid":{"rendered":"https:\/\/acufastneedles.com\/?page_id=4026"},"modified":"2026-03-18T09:46:57","modified_gmt":"2026-03-18T16:46:57","slug":"acufast-movement","status":"publish","type":"page","link":"https:\/\/acufastneedles.com\/fr\/acufast-movement\/","title":{"rendered":"Le Mouvement Acufast"},"content":{"rendered":"<p><div class=\"fusion-fullwidth fullwidth-box fusion-builder-row-1 fusion-flex-container nonhundred-percent-fullwidth non-hundred-percent-height-scrolling\" style=\"--awb-border-radius-top-left:0px;--awb-border-radius-top-right:0px;--awb-border-radius-bottom-right:0px;--awb-border-radius-bottom-left:0px;--awb-margin-top:-3%;--awb-margin-bottom:5%;--awb-flex-wrap:wrap;\" ><div class=\"fusion-builder-row fusion-row fusion-flex-align-items-flex-start fusion-flex-content-wrap\" style=\"max-width:1216.8px;margin-left: calc(-4% \/ 2 );margin-right: calc(-4% \/ 2 );\"><div class=\"fusion-layout-column fusion_builder_column fusion-builder-column-0 fusion_builder_column_1_1 1_1 fusion-flex-column\" style=\"--awb-bg-size:cover;--awb-width-large:100%;--awb-margin-top-large:15px;--awb-spacing-right-large:1.92%;--awb-margin-bottom-large:15px;--awb-spacing-left-large:1.92%;--awb-width-medium:100%;--awb-order-medium:0;--awb-spacing-right-medium:1.92%;--awb-spacing-left-medium:1.92%;--awb-width-small:100%;--awb-order-small:0;--awb-spacing-right-small:1.92%;--awb-spacing-left-small:1.92%;\"><div class=\"fusion-column-wrapper fusion-column-has-shadow fusion-flex-justify-content-flex-start fusion-content-layout-column\"><div class=\"fusion-title title fusion-title-1 fusion-sep-none fusion-title-center fusion-title-text fusion-title-size-two\" style=\"--awb-text-color:#0e679f;--awb-margin-top-small:0px;--awb-margin-bottom-small:20px;--awb-font-size:40px;\"><h2 class=\"fusion-title-heading title-heading-center fusion-responsive-typography-calculated\" style=\"margin:0;font-size:1em;--fontSize:40;line-height:1.2;\">It&#8217;s Easy to Be a Part of the Acufast Movement<\/h2><\/div><div class=\"fusion-content-boxes content-boxes columns row fusion-columns-1 fusion-columns-total-0 fusion-content-boxes-1 content-boxes-icon-with-title content-left\" style=\"--awb-hover-accent-color:#d6d6d6;--awb-circle-hover-accent-color:#d6d6d6;--awb-item-margin-bottom:40px;\" data-animationoffset=\"top-into-view\"><div class=\"fusion-clearfix\"><\/div><\/div><\/div><\/div><div class=\"fusion-layout-column fusion_builder_column fusion-builder-column-1 fusion_builder_column_1_1 1_1 fusion-flex-column\" style=\"--awb-bg-size:cover;--awb-width-large:100%;--awb-margin-top-large:15px;--awb-spacing-right-large:1.92%;--awb-margin-bottom-large:15px;--awb-spacing-left-large:1.92%;--awb-width-medium:100%;--awb-order-medium:0;--awb-spacing-right-medium:1.92%;--awb-spacing-left-medium:1.92%;--awb-width-small:100%;--awb-order-small:0;--awb-spacing-right-small:1.92%;--awb-spacing-left-small:1.92%;\"><div class=\"fusion-column-wrapper fusion-column-has-shadow fusion-flex-justify-content-flex-start fusion-content-layout-column\"><div class=\"fusion-separator\" style=\"align-self: center;margin-left: auto;margin-right: auto;margin-bottom:2%;width:100%;max-width:60px;\"><div class=\"fusion-separator-border sep-single sep-solid\" style=\"--awb-height:20px;--awb-amount:20px;--awb-sep-color:#d3dd29;border-color:#d3dd29;border-top-width:6px;\"><\/div><\/div><\/div><\/div><div class=\"fusion-layout-column fusion_builder_column fusion-builder-column-2 fusion_builder_column_1_1 1_1 fusion-flex-column\" style=\"--awb-bg-size:cover;--awb-width-large:100%;--awb-margin-top-large:3%;--awb-spacing-right-large:1.92%;--awb-margin-bottom-large:15px;--awb-spacing-left-large:1.92%;--awb-width-medium:100%;--awb-order-medium:0;--awb-spacing-right-medium:1.92%;--awb-spacing-left-medium:1.92%;--awb-width-small:100%;--awb-order-small:0;--awb-spacing-right-small:1.92%;--awb-spacing-left-small:1.92%;\"><div class=\"fusion-column-wrapper fusion-column-has-shadow fusion-flex-justify-content-flex-start fusion-content-layout-column\"><div class=\"fusion-content-boxes content-boxes columns row fusion-columns-2 fusion-columns-total-2 fusion-content-boxes-2 content-boxes-icon-on-top content-left\" style=\"--awb-iconcolor:#64b545;--awb-hover-accent-color:#0E679f;--awb-circle-hover-accent-color:#0E679f;\" data-animationoffset=\"top-into-view\"><div style=\"--awb-backgroundcolor:rgba(255,255,255,0);--awb-iconcolor:#64b545;\" class=\"fusion-column content-box-column content-box-column content-box-column-1 col-lg-6 col-md-6 col-sm-6 fusion-content-box-hover content-box-column-first-in-row\"><div class=\"col content-box-wrapper content-wrapper link-area-box link-type-button content-icon-wrapper-yes icon-hover-animation-none\" data-link=\"https:\/\/acufastneedles.com\/needle-samples\/\" data-link-target=\"_self\" data-animationoffset=\"top-into-view\"><div class=\"heading heading-with-icon icon-left\"><a class=\"heading-link\" href=\"https:\/\/acufastneedles.com\/fr\/needle-samples\/\" target=\"_self\"><div class=\"icon\"><span style=\"height:66px;width:66px;line-height:34px;border-color:#64b545;border-width:3px;border-style:solid;background-color:#ffffff;box-sizing:content-box;border-radius:50%;\"><i style=\"border-color:#ffffff;border-width:1px;background-color:#ffffff;box-sizing:content-box;height:64px;width:64px;line-height:64px;border-radius:50%;position:relative;top:auto;left:auto;margin:0;border-radius:50%;font-size:32px;\" aria-hidden=\"true\" class=\"fontawesome-icon fa-clinic-medical fas circle-yes\"><\/i><\/span><\/div><h2 class=\"content-box-heading fusion-responsive-typography-calculated\" style=\"--h2_typography-font-size:28px;--fontSize:28;line-height:1.2;\">Utilisez Acufast dans Votre Clinique<\/h2><\/a><\/div><div class=\"fusion-clearfix\"><\/div><div class=\"content-container\">\n<p>En utilisant Acufast dans votre clinique, vous faites partie d'un groupe croissant de praticiens qui r\u00e9duisent les d\u00e9chets d'acu et reboisent la plan\u00e8te.<\/p>\n<\/div><div class=\"fusion-clearfix\"><\/div><a class=\"fusion-read-more-button fusion-content-box-button fusion-button button-default fusion-button-default-size button- button-flat\" href=\"https:\/\/acufastneedles.com\/fr\/needle-samples\/\" target=\"_self\"><span class=\"fusion-button-text\">Demande d'\u00c9chantillon d'Aiguille<\/span><\/a><div class=\"fusion-clearfix\"><\/div><\/div><\/div><div style=\"--awb-backgroundcolor:rgba(255,255,255,0);--awb-iconcolor:#64b545;\" class=\"fusion-column content-box-column content-box-column content-box-column-2 col-lg-6 col-md-6 col-sm-6 fusion-content-box-hover content-box-column-last content-box-column-last-in-row\"><div class=\"col content-box-wrapper content-wrapper link-area-box link-type-button content-icon-wrapper-yes icon-hover-animation-none\" data-link=\"https:\/\/www.instagram.com\/acufast\/\" data-link-target=\"_self\" data-animationoffset=\"top-into-view\"><div class=\"heading heading-with-icon icon-left\"><a class=\"heading-link\" href=\"https:\/\/www.instagram.com\/acufast\/\" target=\"_self\"><div class=\"icon\"><span style=\"height:66px;width:66px;line-height:34px;border-color:#64b545;border-width:3px;border-style:solid;background-color:#ffffff;box-sizing:content-box;border-radius:50%;\"><i style=\"border-color:#ffffff;border-width:1px;background-color:#ffffff;box-sizing:content-box;height:64px;width:64px;line-height:64px;border-radius:50%;position:relative;top:auto;left:auto;margin:0;border-radius:50%;font-size:32px;\" aria-hidden=\"true\" class=\"fontawesome-icon fa-instagram fab circle-yes\"><\/i><\/span><\/div><h2 class=\"content-box-heading fusion-responsive-typography-calculated\" style=\"--h2_typography-font-size:28px;--fontSize:28;line-height:1.2;\">Partager et Suivre<\/h2><\/a><\/div><div class=\"fusion-clearfix\"><\/div><div class=\"content-container\">\n<p>Suivez Acufast sur Instagram et aidez-nous \u00e0 diffuser notre mission de soigner la plan\u00e8te tout en soignant vos patients. Merci de nous taguer @acufast<\/p>\n<\/div><div class=\"fusion-clearfix\"><\/div><a class=\"fusion-read-more-button fusion-content-box-button fusion-button button-default fusion-button-default-size button- button-flat\" href=\"https:\/\/www.instagram.com\/acufast\/\" target=\"_self\"><span class=\"fusion-button-text\">Partager et Suivre Acufast<\/span><\/a><div class=\"fusion-clearfix\"><\/div><\/div><\/div><div class=\"fusion-clearfix\"><\/div><\/div><\/div><\/div><\/div><\/div><div class=\"fusion-fullwidth fullwidth-box fusion-builder-row-2 fusion-flex-container has-pattern-background has-mask-background hundred-percent-fullwidth non-hundred-percent-height-scrolling\" style=\"--awb-border-radius-top-left:0px;--awb-border-radius-top-right:0px;--awb-border-radius-bottom-right:0px;--awb-border-radius-bottom-left:0px;--awb-padding-bottom:0px;--awb-margin-top:0px;--awb-margin-bottom:0px;--awb-background-color:#00689f;--awb-flex-wrap:wrap;\" ><div class=\"fusion-builder-row fusion-row fusion-flex-align-items-flex-start fusion-flex-content-wrap\" style=\"width:104% !important;max-width:104% !important;margin-left: calc(-4% \/ 2 );margin-right: calc(-4% \/ 2 );\"><div class=\"fusion-layout-column fusion_builder_column fusion-builder-column-3 fusion_builder_column_1_1 1_1 fusion-flex-column\" style=\"--awb-bg-size:cover;--awb-width-large:100%;--awb-margin-top-large:15px;--awb-spacing-right-large:1.92%;--awb-margin-bottom-large:0px;--awb-spacing-left-large:1.92%;--awb-width-medium:100%;--awb-order-medium:0;--awb-spacing-right-medium:1.92%;--awb-spacing-left-medium:1.92%;--awb-width-small:100%;--awb-order-small:0;--awb-spacing-right-small:1.92%;--awb-spacing-left-small:1.92%;\"><div class=\"fusion-column-wrapper fusion-column-has-shadow fusion-flex-justify-content-flex-start fusion-content-layout-column\"><div class=\"fusion-title title fusion-title-2 fusion-sep-none fusion-title-center fusion-title-text fusion-title-size-five\" style=\"--awb-text-color:#ecf0f5;--awb-margin-top-small:0px;--awb-margin-bottom-small:20px;\"><h5 class=\"fusion-title-heading title-heading-center fusion-responsive-typography-calculated\" style=\"margin:0;--fontSize:22;--minFontSize:22;line-height:1.36;\">Jusqu'\u00e0 pr\u00e9sent, les praticiens comme vous ont<\/h5><\/div><\/div><\/div><div class=\"fusion-layout-column fusion_builder_column fusion-builder-column-4 fusion_builder_column_1_2 1_2 fusion-flex-column fusion-flex-align-self-flex-start\" style=\"--awb-bg-size:cover;--awb-width-large:50%;--awb-margin-top-large:15px;--awb-spacing-right-large:3.84%;--awb-margin-bottom-large:15px;--awb-spacing-left-large:3.84%;--awb-width-medium:50%;--awb-order-medium:0;--awb-spacing-right-medium:3.84%;--awb-spacing-left-medium:3.84%;--awb-width-small:100%;--awb-order-small:0;--awb-spacing-right-small:1.92%;--awb-spacing-left-small:1.92%;\"><div class=\"fusion-column-wrapper fusion-column-has-shadow fusion-flex-justify-content-space-evenly fusion-content-layout-row fusion-flex-align-items-center\"><div class=\"fusion-counters-box counters-box row fusion-clearfix fusion-columns-1\" style=\"--awb-body-color:#ecf0f5;--awb-body-size:16;--awb-border-color:rgba(0,0,0,0);--awb-color:#ecf0f5;--awb-title-size:36;--awb-border-color:rgba(0,0,0,0);\"><div class=\"fusion-counter-box fusion-column col-counter-box counter-box-wrapper col-lg-12 col-md-12 col-sm-12\" data-animationoffset=\"top-into-view\"><div class=\"counter-box-container\"><div class=\"content-box-percentage content-box-counter\"><i class=\"counter-box-icon fontawesome-icon fa-recycle fas\" aria-hidden=\"true\"><\/i><span class=\"display-counter\" data-value=\"139747\" data-delimiter=\",\" data-direction=\"up\" data-decimals=\"0\">0<\/span><span class=\"unit\"> Litres<\/span><\/div><div class=\"counter-box-content\">\u00c9vit\u00e9r la mise en d\u00e9charge d'environ 139 747 litres d'Acu-trash.<\/div><\/div><\/div><\/div><\/div><\/div><div class=\"fusion-layout-column fusion_builder_column fusion-builder-column-5 fusion_builder_column_1_2 1_2 fusion-flex-column fusion-flex-align-self-flex-start\" style=\"--awb-bg-size:cover;--awb-width-large:50%;--awb-margin-top-large:15px;--awb-spacing-right-large:3.84%;--awb-margin-bottom-large:15px;--awb-spacing-left-large:3.84%;--awb-width-medium:50%;--awb-order-medium:0;--awb-spacing-right-medium:3.84%;--awb-spacing-left-medium:3.84%;--awb-width-small:100%;--awb-order-small:0;--awb-spacing-right-small:1.92%;--awb-spacing-left-small:1.92%;\"><div class=\"fusion-column-wrapper fusion-column-has-shadow fusion-flex-justify-content-space-evenly fusion-content-layout-row fusion-flex-align-items-center\"><div class=\"fusion-counters-box counters-box row fusion-clearfix fusion-columns-1\" style=\"--awb-body-color:#ecf0f5;--awb-body-size:16;--awb-border-color:rgba(0,0,0,0);--awb-color:#ecf0f5;--awb-title-size:36;--awb-border-color:rgba(0,0,0,0);\"><div class=\"fusion-counter-box fusion-column col-counter-box counter-box-wrapper col-lg-12 col-md-12 col-sm-12\" data-animationoffset=\"top-into-view\"><div class=\"counter-box-container\"><div class=\"content-box-percentage content-box-counter\"><i class=\"counter-box-icon fontawesome-icon fa-globe-americas fas\" aria-hidden=\"true\"><\/i><span class=\"display-counter\" data-value=\"15\" data-direction=\"up\" data-decimals=\"0\">0<\/span><span class=\"unit\"> Pays<\/span><\/div><div class=\"counter-box-content\">Diffusion d'Acufast dans plus de 15 pays.<\/div><\/div><\/div><\/div><\/div><\/div><\/div><\/div><div class=\"fusion-fullwidth fullwidth-box fusion-builder-row-3 fusion-flex-container has-pattern-background has-mask-background nonhundred-percent-fullwidth non-hundred-percent-height-scrolling\" style=\"--awb-border-radius-top-left:0px;--awb-border-radius-top-right:0px;--awb-border-radius-bottom-right:0px;--awb-border-radius-bottom-left:0px;--awb-padding-top:5%;--awb-padding-bottom:5%;--awb-flex-wrap:wrap;\" ><div class=\"fusion-builder-row fusion-row fusion-flex-align-items-center fusion-flex-content-wrap\" style=\"max-width:1216.8px;margin-left: calc(-4% \/ 2 );margin-right: calc(-4% \/ 2 );\"><div class=\"fusion-layout-column fusion_builder_column fusion-builder-column-6 fusion_builder_column_1_2 1_2 fusion-flex-column\" style=\"--awb-bg-size:cover;--awb-width-large:50%;--awb-margin-top-large:15px;--awb-spacing-right-large:3.84%;--awb-margin-bottom-large:15px;--awb-spacing-left-large:3.84%;--awb-width-medium:50%;--awb-order-medium:0;--awb-spacing-right-medium:3.84%;--awb-spacing-left-medium:3.84%;--awb-width-small:100%;--awb-order-small:0;--awb-spacing-right-small:1.92%;--awb-spacing-left-small:1.92%;\"><div class=\"fusion-column-wrapper fusion-column-has-shadow fusion-flex-justify-content-flex-start fusion-content-layout-column\"><div class=\"fusion-video fusion-vimeo\" style=\"--awb-max-width:500px;--awb-max-height:500px;--awb-align-self:center;--awb-width:100%;\"><div class=\"video-shortcode\"><div class=\"fluid-width-video-wrapper\" style=\"padding-top:100%;\" ><iframe title=\"Vimeo video player 1\" src=\"https:\/\/player.vimeo.com\/video\/527903263?autoplay=0&amp;autopause=0\" width=\"500\" height=\"500\" allowfullscreen allow=\"autoplay; fullscreen\"><\/iframe><\/div><\/div><\/div><\/div><\/div><div class=\"fusion-layout-column fusion_builder_column fusion-builder-column-7 fusion_builder_column_1_2 1_2 fusion-flex-column\" style=\"--awb-bg-size:cover;--awb-width-large:50%;--awb-margin-top-large:15px;--awb-spacing-right-large:3.84%;--awb-margin-bottom-large:15px;--awb-spacing-left-large:3.84%;--awb-width-medium:50%;--awb-order-medium:0;--awb-spacing-right-medium:3.84%;--awb-spacing-left-medium:3.84%;--awb-width-small:100%;--awb-order-small:0;--awb-spacing-right-small:1.92%;--awb-spacing-left-small:1.92%;\"><div class=\"fusion-column-wrapper fusion-column-has-shadow fusion-flex-justify-content-flex-start fusion-content-layout-column\"><ul style=\"--awb-size:36px;--awb-iconcolor:#64b545;--awb-textcolor:#7f8795;--awb-line-height:61.2px;--awb-icon-width:61.2px;--awb-icon-height:61.2px;--awb-icon-margin:25.2px;--awb-content-margin:86.4px;\" class=\"fusion-checklist fusion-checklist-1 fusion-checklist-default type-icons\"><li class=\"fusion-li-item\" style=\"\"><span class=\"icon-wrapper circle-no\"><i class=\"fusion-li-icon fa-recycle fas\" aria-hidden=\"true\"><\/i><\/span><div class=\"fusion-li-item-content\">R\u00e9duire les Acu-Trash<\/div><\/li><li class=\"fusion-li-item\" style=\"\"><span class=\"icon-wrapper circle-no\"><i class=\"fusion-li-icon fa-globe-americas fas\" aria-hidden=\"true\"><\/i><\/span><div class=\"fusion-li-item-content\">Soignez la Plan\u00e8te.<\/div><\/li><\/ul><div class=\"fusion-text fusion-text-1\" style=\"--awb-font-size:22px;--awb-text-color:#7f8795;\"><p>Lorsque vous utilisez le Syst\u00e8me Acufast Earth Friendly Needle dans votre clinique, vous faites partie d'un collectif mondial croissant de praticiens qui s'engagent \u00e0 soigner leurs patients et la plan\u00e8te - c'est ce que nous appelons le Mouvement Acufast.<\/p>\n<\/div><div ><a class=\"fusion-button button-flat fusion-button-default-size button-default fusion-button-default button-1 fusion-button-default-span fusion-button-default-type\" style=\"--awb-margin-top:3%;\" target=\"_self\" href=\"https:\/\/acufastneedles.com\/fr\/needle-samples\/\"><span class=\"fusion-button-text awb-button__text awb-button__text--default\">Demandez Votre \u00c9chantillon d'Aiguilles GRATUIT<\/span><\/a><\/div><\/div><\/div><\/div><\/div><\/p>","protected":false},"excerpt":{"rendered":"","protected":false},"author":25,"featured_media":0,"parent":0,"menu_order":0,"comment_status":"closed","ping_status":"closed","template":"100-width.php","meta":{"inline_featured_image":false,"footnotes":""},"class_list":["post-4026","page","type-page","status-publish","hentry"],"yoast_head":"<!-- This site is optimized with the Yoast SEO plugin v27.4 - https:\/\/yoast.com\/product\/yoast-seo-wordpress\/ -->\n<title>The Acufast Movement<\/title>\n<meta name=\"description\" content=\"The Acufast Movement is made up of practitioners who use Acufast acupuncture needles in their clinic, and are committed to reducing acu-trash\" \/>\n<meta name=\"robots\" content=\"index, follow, max-snippet:-1, max-image-preview:large, max-video-preview:-1\" \/>\n<link rel=\"canonical\" href=\"https:\/\/acufastneedles.com\/fr\/acufast-movement\/\" \/>\n<meta property=\"og:locale\" content=\"fr_FR\" \/>\n<meta property=\"og:type\" content=\"article\" \/>\n<meta property=\"og:title\" content=\"The Acufast Movement\" \/>\n<meta property=\"og:description\" content=\"The Acufast Movement is made up of practitioners who use Acufast acupuncture needles in their clinic, and are committed to reducing acu-trash\" \/>\n<meta property=\"og:url\" content=\"https:\/\/acufastneedles.com\/fr\/acufast-movement\/\" \/>\n<meta property=\"og:site_name\" content=\"Acufast\u00ae\" \/>\n<meta property=\"article:publisher\" content=\"https:\/\/www.facebook.com\/acufastneedles\/\" \/>\n<meta property=\"article:modified_time\" content=\"2026-03-18T16:46:57+00:00\" \/>\n<meta property=\"og:image\" content=\"https:\/\/acufastneedles.com\/wp-content\/uploads\/2019\/10\/acufast-logo-web.jpg\" \/>\n\t<meta property=\"og:image:width\" content=\"573\" \/>\n\t<meta property=\"og:image:height\" content=\"572\" \/>\n\t<meta property=\"og:image:type\" content=\"image\/jpeg\" \/>\n<meta name=\"twitter:card\" content=\"summary_large_image\" \/>\n<meta name=\"twitter:label1\" content=\"Dur\u00e9e de lecture estim\u00e9e\" \/>\n\t<meta name=\"twitter:data1\" content=\"2 minutes\" \/>\n<script type=\"application\/ld+json\" class=\"yoast-schema-graph\">{\"@context\":\"https:\\\/\\\/schema.org\",\"@graph\":[{\"@type\":\"WebPage\",\"@id\":\"https:\\\/\\\/acufastneedles.com\\\/acufast-movement\\\/\",\"url\":\"https:\\\/\\\/acufastneedles.com\\\/acufast-movement\\\/\",\"name\":\"The Acufast Movement\",\"isPartOf\":{\"@id\":\"https:\\\/\\\/acufastneedles.com\\\/#website\"},\"datePublished\":\"2021-10-15T23:06:58+00:00\",\"dateModified\":\"2026-03-18T16:46:57+00:00\",\"description\":\"The Acufast Movement is made up of practitioners who use Acufast acupuncture needles in their clinic, and are committed to reducing acu-trash\",\"breadcrumb\":{\"@id\":\"https:\\\/\\\/acufastneedles.com\\\/acufast-movement\\\/#breadcrumb\"},\"inLanguage\":\"fr-FR\",\"potentialAction\":[{\"@type\":\"ReadAction\",\"target\":[\"https:\\\/\\\/acufastneedles.com\\\/acufast-movement\\\/\"]}]},{\"@type\":\"BreadcrumbList\",\"@id\":\"https:\\\/\\\/acufastneedles.com\\\/acufast-movement\\\/#breadcrumb\",\"itemListElement\":[{\"@type\":\"ListItem\",\"position\":1,\"name\":\"Home\",\"item\":\"https:\\\/\\\/acufastneedles.com\\\/\"},{\"@type\":\"ListItem\",\"position\":2,\"name\":\"The Acufast Movement\"}]},{\"@type\":\"WebSite\",\"@id\":\"https:\\\/\\\/acufastneedles.com\\\/#website\",\"url\":\"https:\\\/\\\/acufastneedles.com\\\/\",\"name\":\"Acufast\u00ae\",\"description\":\"The Earth Friendly Acupuncture Needle\",\"publisher\":{\"@id\":\"https:\\\/\\\/acufastneedles.com\\\/#organization\"},\"potentialAction\":[{\"@type\":\"SearchAction\",\"target\":{\"@type\":\"EntryPoint\",\"urlTemplate\":\"https:\\\/\\\/acufastneedles.com\\\/?s={search_term_string}\"},\"query-input\":{\"@type\":\"PropertyValueSpecification\",\"valueRequired\":true,\"valueName\":\"search_term_string\"}}],\"inLanguage\":\"fr-FR\"},{\"@type\":\"Organization\",\"@id\":\"https:\\\/\\\/acufastneedles.com\\\/#organization\",\"name\":\"Acufast Needles\",\"url\":\"https:\\\/\\\/acufastneedles.com\\\/\",\"logo\":{\"@type\":\"ImageObject\",\"inLanguage\":\"fr-FR\",\"@id\":\"https:\\\/\\\/acufastneedles.com\\\/#\\\/schema\\\/logo\\\/image\\\/\",\"url\":\"https:\\\/\\\/acufastneedles.com\\\/wp-content\\\/uploads\\\/2019\\\/10\\\/acufast-logo-web.jpg\",\"contentUrl\":\"https:\\\/\\\/acufastneedles.com\\\/wp-content\\\/uploads\\\/2019\\\/10\\\/acufast-logo-web.jpg\",\"width\":573,\"height\":572,\"caption\":\"Acufast Needles\"},\"image\":{\"@id\":\"https:\\\/\\\/acufastneedles.com\\\/#\\\/schema\\\/logo\\\/image\\\/\"},\"sameAs\":[\"https:\\\/\\\/www.facebook.com\\\/acufastneedles\\\/\",\"https:\\\/\\\/www.instagram.com\\\/acufast\\\/\",\"https:\\\/\\\/www.youtube.com\\\/channel\\\/UCx6YcfgiwAVJJbmq-itv6qw\"]}]}<\/script>\n<!-- \/ Yoast SEO plugin. -->","yoast_head_json":{"title":"Le Mouvement Acufast","description":"The Acufast Movement is made up of practitioners who use Acufast acupuncture needles in their clinic, and are committed to reducing acu-trash","robots":{"index":"index","follow":"follow","max-snippet":"max-snippet:-1","max-image-preview":"max-image-preview:large","max-video-preview":"max-video-preview:-1"},"canonical":"https:\/\/acufastneedles.com\/fr\/acufast-movement\/","og_locale":"fr_FR","og_type":"article","og_title":"The Acufast Movement","og_description":"The Acufast Movement is made up of practitioners who use Acufast acupuncture needles in their clinic, and are committed to reducing acu-trash","og_url":"https:\/\/acufastneedles.com\/fr\/acufast-movement\/","og_site_name":"Acufast\u00ae","article_publisher":"https:\/\/www.facebook.com\/acufastneedles\/","article_modified_time":"2026-03-18T16:46:57+00:00","og_image":[{"width":573,"height":572,"url":"https:\/\/acufastneedles.com\/wp-content\/uploads\/2019\/10\/acufast-logo-web.jpg","type":"image\/jpeg"}],"twitter_card":"summary_large_image","twitter_misc":{"Dur\u00e9e de lecture estim\u00e9e":"2 minutes"},"schema":{"@context":"https:\/\/schema.org","@graph":[{"@type":"WebPage","@id":"https:\/\/acufastneedles.com\/acufast-movement\/","url":"https:\/\/acufastneedles.com\/acufast-movement\/","name":"Le Mouvement Acufast","isPartOf":{"@id":"https:\/\/acufastneedles.com\/#website"},"datePublished":"2021-10-15T23:06:58+00:00","dateModified":"2026-03-18T16:46:57+00:00","description":"The Acufast Movement is made up of practitioners who use Acufast acupuncture needles in their clinic, and are committed to reducing acu-trash","breadcrumb":{"@id":"https:\/\/acufastneedles.com\/acufast-movement\/#breadcrumb"},"inLanguage":"fr-FR","potentialAction":[{"@type":"ReadAction","target":["https:\/\/acufastneedles.com\/acufast-movement\/"]}]},{"@type":"BreadcrumbList","@id":"https:\/\/acufastneedles.com\/acufast-movement\/#breadcrumb","itemListElement":[{"@type":"ListItem","position":1,"name":"Home","item":"https:\/\/acufastneedles.com\/"},{"@type":"ListItem","position":2,"name":"The Acufast Movement"}]},{"@type":"WebSite","@id":"https:\/\/acufastneedles.com\/#website","url":"https:\/\/acufastneedles.com\/","name":"Acufast\u00ae","description":"The Earth Friendly Acupuncture Needle","publisher":{"@id":"https:\/\/acufastneedles.com\/#organization"},"potentialAction":[{"@type":"SearchAction","target":{"@type":"EntryPoint","urlTemplate":"https:\/\/acufastneedles.com\/?s={search_term_string}"},"query-input":{"@type":"PropertyValueSpecification","valueRequired":true,"valueName":"search_term_string"}}],"inLanguage":"fr-FR"},{"@type":"Organization","@id":"https:\/\/acufastneedles.com\/#organization","name":"Aiguilles Acufast","url":"https:\/\/acufastneedles.com\/","logo":{"@type":"ImageObject","inLanguage":"fr-FR","@id":"https:\/\/acufastneedles.com\/#\/schema\/logo\/image\/","url":"https:\/\/acufastneedles.com\/wp-content\/uploads\/2019\/10\/acufast-logo-web.jpg","contentUrl":"https:\/\/acufastneedles.com\/wp-content\/uploads\/2019\/10\/acufast-logo-web.jpg","width":573,"height":572,"caption":"Acufast Needles"},"image":{"@id":"https:\/\/acufastneedles.com\/#\/schema\/logo\/image\/"},"sameAs":["https:\/\/www.facebook.com\/acufastneedles\/","https:\/\/www.instagram.com\/acufast\/","https:\/\/www.youtube.com\/channel\/UCx6YcfgiwAVJJbmq-itv6qw"]}]}},"_links":{"self":[{"href":"https:\/\/acufastneedles.com\/fr\/wp-json\/wp\/v2\/pages\/4026","targetHints":{"allow":["GET"]}}],"collection":[{"href":"https:\/\/acufastneedles.com\/fr\/wp-json\/wp\/v2\/pages"}],"about":[{"href":"https:\/\/acufastneedles.com\/fr\/wp-json\/wp\/v2\/types\/page"}],"author":[{"embeddable":true,"href":"https:\/\/acufastneedles.com\/fr\/wp-json\/wp\/v2\/users\/25"}],"replies":[{"embeddable":true,"href":"https:\/\/acufastneedles.com\/fr\/wp-json\/wp\/v2\/comments?post=4026"}],"version-history":[{"count":22,"href":"https:\/\/acufastneedles.com\/fr\/wp-json\/wp\/v2\/pages\/4026\/revisions"}],"predecessor-version":[{"id":5333,"href":"https:\/\/acufastneedles.com\/fr\/wp-json\/wp\/v2\/pages\/4026\/revisions\/5333"}],"wp:attachment":[{"href":"https:\/\/acufastneedles.com\/fr\/wp-json\/wp\/v2\/media?parent=4026"}],"curies":[{"name":"wp","href":"https:\/\/api.w.org\/{rel}","templated":true}]}}