{"id":5188,"date":"2024-06-10T14:01:37","date_gmt":"2024-06-10T21:01:37","guid":{"rendered":"https:\/\/acufastneedles.com\/?page_id=5188"},"modified":"2024-10-02T13:27:22","modified_gmt":"2024-10-02T20:27:22","slug":"samples-request-confirm","status":"publish","type":"page","link":"https:\/\/acufastneedles.com\/fr\/samples-request-confirm\/","title":{"rendered":"Samples Request Confirm"},"content":{"rendered":"<p><div class=\"fusion-fullwidth fullwidth-box fusion-builder-row-1 fusion-flex-container has-pattern-background has-mask-background nonhundred-percent-fullwidth non-hundred-percent-height-scrolling\" style=\"--awb-border-radius-top-left:0px;--awb-border-radius-top-right:0px;--awb-border-radius-bottom-right:0px;--awb-border-radius-bottom-left:0px;--awb-flex-wrap:wrap;\" ><div class=\"fusion-builder-row fusion-row fusion-flex-align-items-flex-start fusion-flex-content-wrap\" style=\"max-width:1216.8px;margin-left: calc(-4% \/ 2 );margin-right: calc(-4% \/ 2 );\"><div class=\"fusion-layout-column fusion_builder_column fusion-builder-column-0 fusion_builder_column_1_3 1_3 fusion-flex-column\" style=\"--awb-bg-size:cover;--awb-width-large:33.333333333333%;--awb-margin-top-large:15px;--awb-spacing-right-large:5.76%;--awb-margin-bottom-large:15px;--awb-spacing-left-large:5.76%;--awb-width-medium:33.333333333333%;--awb-order-medium:0;--awb-spacing-right-medium:5.76%;--awb-spacing-left-medium:5.76%;--awb-width-small:100%;--awb-order-small:0;--awb-spacing-right-small:1.92%;--awb-spacing-left-small:1.92%;\"><div class=\"fusion-column-wrapper fusion-column-has-shadow fusion-flex-justify-content-flex-start fusion-content-layout-column\"><div class=\"fusion-image-element fusion-no-small-visibility\" style=\"text-align:center;--awb-caption-title-font-family:var(--h2_typography-font-family);--awb-caption-title-font-weight:var(--h2_typography-font-weight);--awb-caption-title-font-style:var(--h2_typography-font-style);--awb-caption-title-size:var(--h2_typography-font-size);--awb-caption-title-transform:var(--h2_typography-text-transform);--awb-caption-title-line-height:var(--h2_typography-line-height);--awb-caption-title-letter-spacing:var(--h2_typography-letter-spacing);\"><span class=\"fusion-imageframe imageframe-none imageframe-1 hover-type-none\"><img decoding=\"async\" width=\"4167\" height=\"4167\" alt=\"Earth Thank You \" title=\"Earth-Love-Hands-01\" src=\"https:\/\/acufastneedles.com\/wp-content\/uploads\/2024\/06\/Earth-Love-Hands-01.png\" class=\"img-responsive wp-image-5189\" srcset=\"https:\/\/acufastneedles.com\/wp-content\/uploads\/2024\/06\/Earth-Love-Hands-01-200x200.png 200w, https:\/\/acufastneedles.com\/wp-content\/uploads\/2024\/06\/Earth-Love-Hands-01-400x400.png 400w, https:\/\/acufastneedles.com\/wp-content\/uploads\/2024\/06\/Earth-Love-Hands-01-600x600.png 600w, https:\/\/acufastneedles.com\/wp-content\/uploads\/2024\/06\/Earth-Love-Hands-01-800x800.png 800w, https:\/\/acufastneedles.com\/wp-content\/uploads\/2024\/06\/Earth-Love-Hands-01-1200x1200.png 1200w, https:\/\/acufastneedles.com\/wp-content\/uploads\/2024\/06\/Earth-Love-Hands-01.png 4167w\" sizes=\"(max-width: 640px) 100vw, 400px\" \/><\/span><\/div><div class=\"fusion-image-element fusion-no-medium-visibility fusion-no-large-visibility\" style=\"text-align:center;--awb-max-width:50%;--awb-caption-title-font-family:var(--h2_typography-font-family);--awb-caption-title-font-weight:var(--h2_typography-font-weight);--awb-caption-title-font-style:var(--h2_typography-font-style);--awb-caption-title-size:var(--h2_typography-font-size);--awb-caption-title-transform:var(--h2_typography-text-transform);--awb-caption-title-line-height:var(--h2_typography-line-height);--awb-caption-title-letter-spacing:var(--h2_typography-letter-spacing);\"><span class=\"fusion-imageframe imageframe-none imageframe-2 hover-type-none\"><img decoding=\"async\" width=\"4167\" height=\"4167\" alt=\"Earth Thank You \" title=\"Earth-Love-Hands-01\" src=\"https:\/\/acufastneedles.com\/wp-content\/uploads\/2024\/06\/Earth-Love-Hands-01.png\" class=\"img-responsive wp-image-5189\" srcset=\"https:\/\/acufastneedles.com\/wp-content\/uploads\/2024\/06\/Earth-Love-Hands-01-200x200.png 200w, https:\/\/acufastneedles.com\/wp-content\/uploads\/2024\/06\/Earth-Love-Hands-01-400x400.png 400w, https:\/\/acufastneedles.com\/wp-content\/uploads\/2024\/06\/Earth-Love-Hands-01-600x600.png 600w, https:\/\/acufastneedles.com\/wp-content\/uploads\/2024\/06\/Earth-Love-Hands-01-800x800.png 800w, https:\/\/acufastneedles.com\/wp-content\/uploads\/2024\/06\/Earth-Love-Hands-01-1200x1200.png 1200w, https:\/\/acufastneedles.com\/wp-content\/uploads\/2024\/06\/Earth-Love-Hands-01.png 4167w\" sizes=\"(max-width: 640px) 100vw, 400px\" \/><\/span><\/div><\/div><\/div><div class=\"fusion-layout-column fusion_builder_column fusion-builder-column-1 fusion_builder_column_2_3 2_3 fusion-flex-column\" style=\"--awb-bg-size:cover;--awb-width-large:66.666666666667%;--awb-margin-top-large:15px;--awb-spacing-right-large:2.88%;--awb-margin-bottom-large:15px;--awb-spacing-left-large:2.88%;--awb-width-medium:66.666666666667%;--awb-order-medium:0;--awb-spacing-right-medium:2.88%;--awb-spacing-left-medium:2.88%;--awb-width-small:100%;--awb-order-small:0;--awb-spacing-right-small:1.92%;--awb-spacing-left-small:1.92%;\"><div class=\"fusion-column-wrapper fusion-column-has-shadow fusion-flex-justify-content-flex-start fusion-content-layout-column\"><div class=\"fusion-title title fusion-title-1 fusion-sep-none fusion-title-text fusion-title-size-two\" style=\"--awb-margin-top-small:0px;--awb-margin-bottom-small:20px;\"><h2 class=\"fusion-title-heading title-heading-left fusion-responsive-typography-calculated\" style=\"font-family:&quot;Source Sans 3&quot;;font-style:normal;font-weight:300;margin:0;--fontSize:40;line-height:1.2;\">Sample Request Received!<\/h2><\/div><div class=\"fusion-text fusion-text-1\" style=\"--awb-text-font-family:&quot;Source Sans 3&quot;;--awb-text-font-style:normal;--awb-text-font-weight:400;\"><p>Thanks for submitting your needle sample request. We will pass your request on to your local distributor, who will follow up with you to provide you with the samples you need.<\/p>\n<p>In the meantime, please keep an eye on your email inbox for helpful content for a successful transition to Acufast in your clinic!<\/p>\n<\/div><div class=\"fusion-text fusion-text-2\" style=\"--awb-text-color:#b50938;--awb-text-font-family:&quot;Source Sans 3&quot;;--awb-text-font-style:italic;--awb-text-font-weight:400;\"><p><strong>Veuillez noter que l'envoi de votre \u00e9chantillon peut prendre jusqu'\u00e0 2 \u00e0 3 semaines.<\/strong><\/p>\n<\/div><\/div><\/div><\/div><\/div><div class=\"fusion-fullwidth fullwidth-box fusion-builder-row-2 fusion-flex-container has-pattern-background has-mask-background nonhundred-percent-fullwidth non-hundred-percent-height-scrolling\" style=\"--awb-border-radius-top-left:0px;--awb-border-radius-top-right:0px;--awb-border-radius-bottom-right:0px;--awb-border-radius-bottom-left:0px;--awb-margin-top:5%;--awb-flex-wrap:wrap;\" ><div class=\"fusion-builder-row fusion-row fusion-flex-align-items-flex-start fusion-flex-content-wrap\" style=\"max-width:1216.8px;margin-left: calc(-4% \/ 2 );margin-right: calc(-4% \/ 2 );\"><div class=\"fusion-layout-column fusion_builder_column fusion-builder-column-2 fusion_builder_column_1_1 1_1 fusion-flex-column\" style=\"--awb-bg-size:cover;--awb-width-large:100%;--awb-margin-top-large:15px;--awb-spacing-right-large:1.92%;--awb-margin-bottom-large:15px;--awb-spacing-left-large:1.92%;--awb-width-medium:100%;--awb-order-medium:0;--awb-spacing-right-medium:1.92%;--awb-spacing-left-medium:1.92%;--awb-width-small:100%;--awb-order-small:0;--awb-spacing-right-small:1.92%;--awb-spacing-left-small:1.92%;\"><div class=\"fusion-column-wrapper fusion-column-has-shadow fusion-flex-justify-content-flex-start fusion-content-layout-column\"><div class=\"fusion-title title fusion-title-2 fusion-sep-none fusion-title-center fusion-title-text fusion-title-size-two\" style=\"--awb-margin-top-small:0px;--awb-margin-bottom-small:20px;\"><h2 class=\"fusion-title-heading title-heading-center fusion-responsive-typography-calculated\" style=\"font-family:&quot;Source Sans 3&quot;;font-style:normal;font-weight:300;margin:0;--fontSize:40;line-height:1.2;\">Your Next Step&#8230;<\/h2><\/div><div class=\"fusion-text fusion-text-3\" style=\"--awb-content-alignment:center;--awb-text-font-family:&quot;Source Sans 3&quot;;--awb-text-font-style:normal;--awb-text-font-weight:400;\"><p>Follow us on Instagram for our latest tips and tricks! <\/p>\n<p><span style=\"color: var(--awb-text-color); font-family: var(--awb-text-font-family); font-size: var(--awb-font-size); font-style: var(--awb-text-font-style); font-weight: var(--awb-text-font-weight); letter-spacing: var(--awb-letter-spacing); text-align: var(--awb-content-alignment); text-transform: var(--awb-text-transform); background-color: var(--awb-bg-color-hover);\">And please hit that like button to help us spread the word about the industry&#8217;s most eco-friendly acupuncture needle!<\/span><\/p><\/p>\n<\/div><div class=\"fusion-widget-area awb-widget-area-element fusion-widget-area-1 fusion-content-widget-area\" style=\"--awb-title-size:28px;--awb-title-color:#515b69;--awb-padding:0px 0px 0px 0px;\"><div class=\"fusion-additional-widget-content\"><\/div><\/div><\/div><\/div><\/div><\/div><\/p>","protected":false},"excerpt":{"rendered":"","protected":false},"author":25,"featured_media":0,"parent":0,"menu_order":0,"comment_status":"closed","ping_status":"closed","template":"100-width.php","meta":{"inline_featured_image":false,"footnotes":""},"class_list":["post-5188","page","type-page","status-publish","hentry"],"yoast_head":"<!-- This site is optimized with the Yoast SEO plugin v27.4 - https:\/\/yoast.com\/product\/yoast-seo-wordpress\/ -->\n<title>Samples Request Confirm - Acufast\u00ae<\/title>\n<meta name=\"robots\" content=\"index, follow, max-snippet:-1, max-image-preview:large, max-video-preview:-1\" \/>\n<link rel=\"canonical\" href=\"https:\/\/acufastneedles.com\/fr\/samples-request-confirm\/\" \/>\n<meta property=\"og:locale\" content=\"fr_FR\" \/>\n<meta property=\"og:type\" content=\"article\" \/>\n<meta property=\"og:title\" content=\"Samples Request Confirm - Acufast\u00ae\" \/>\n<meta property=\"og:url\" content=\"https:\/\/acufastneedles.com\/fr\/samples-request-confirm\/\" \/>\n<meta property=\"og:site_name\" content=\"Acufast\u00ae\" \/>\n<meta property=\"article:publisher\" content=\"https:\/\/www.facebook.com\/acufastneedles\/\" \/>\n<meta property=\"article:modified_time\" content=\"2024-10-02T20:27:22+00:00\" \/>\n<meta property=\"og:image\" content=\"https:\/\/acufastneedles.com\/wp-content\/uploads\/2019\/10\/acufast-logo-web.jpg\" \/>\n\t<meta property=\"og:image:width\" content=\"573\" \/>\n\t<meta property=\"og:image:height\" content=\"572\" \/>\n\t<meta property=\"og:image:type\" content=\"image\/jpeg\" \/>\n<meta name=\"twitter:card\" content=\"summary_large_image\" \/>\n<meta name=\"twitter:label1\" content=\"Dur\u00e9e de lecture estim\u00e9e\" \/>\n\t<meta name=\"twitter:data1\" content=\"10 minutes\" \/>\n<script type=\"application\/ld+json\" class=\"yoast-schema-graph\">{\"@context\":\"https:\\\/\\\/schema.org\",\"@graph\":[{\"@type\":\"WebPage\",\"@id\":\"https:\\\/\\\/acufastneedles.com\\\/samples-request-confirm\\\/\",\"url\":\"https:\\\/\\\/acufastneedles.com\\\/samples-request-confirm\\\/\",\"name\":\"Samples Request Confirm - Acufast\u00ae\",\"isPartOf\":{\"@id\":\"https:\\\/\\\/acufastneedles.com\\\/#website\"},\"datePublished\":\"2024-06-10T21:01:37+00:00\",\"dateModified\":\"2024-10-02T20:27:22+00:00\",\"breadcrumb\":{\"@id\":\"https:\\\/\\\/acufastneedles.com\\\/samples-request-confirm\\\/#breadcrumb\"},\"inLanguage\":\"fr-FR\",\"potentialAction\":[{\"@type\":\"ReadAction\",\"target\":[\"https:\\\/\\\/acufastneedles.com\\\/samples-request-confirm\\\/\"]}]},{\"@type\":\"BreadcrumbList\",\"@id\":\"https:\\\/\\\/acufastneedles.com\\\/samples-request-confirm\\\/#breadcrumb\",\"itemListElement\":[{\"@type\":\"ListItem\",\"position\":1,\"name\":\"Home\",\"item\":\"https:\\\/\\\/acufastneedles.com\\\/\"},{\"@type\":\"ListItem\",\"position\":2,\"name\":\"Samples Request Confirm\"}]},{\"@type\":\"WebSite\",\"@id\":\"https:\\\/\\\/acufastneedles.com\\\/#website\",\"url\":\"https:\\\/\\\/acufastneedles.com\\\/\",\"name\":\"Acufast\u00ae\",\"description\":\"The Earth Friendly Acupuncture Needle\",\"publisher\":{\"@id\":\"https:\\\/\\\/acufastneedles.com\\\/#organization\"},\"potentialAction\":[{\"@type\":\"SearchAction\",\"target\":{\"@type\":\"EntryPoint\",\"urlTemplate\":\"https:\\\/\\\/acufastneedles.com\\\/?s={search_term_string}\"},\"query-input\":{\"@type\":\"PropertyValueSpecification\",\"valueRequired\":true,\"valueName\":\"search_term_string\"}}],\"inLanguage\":\"fr-FR\"},{\"@type\":\"Organization\",\"@id\":\"https:\\\/\\\/acufastneedles.com\\\/#organization\",\"name\":\"Acufast Needles\",\"url\":\"https:\\\/\\\/acufastneedles.com\\\/\",\"logo\":{\"@type\":\"ImageObject\",\"inLanguage\":\"fr-FR\",\"@id\":\"https:\\\/\\\/acufastneedles.com\\\/#\\\/schema\\\/logo\\\/image\\\/\",\"url\":\"https:\\\/\\\/acufastneedles.com\\\/wp-content\\\/uploads\\\/2019\\\/10\\\/acufast-logo-web.jpg\",\"contentUrl\":\"https:\\\/\\\/acufastneedles.com\\\/wp-content\\\/uploads\\\/2019\\\/10\\\/acufast-logo-web.jpg\",\"width\":573,\"height\":572,\"caption\":\"Acufast Needles\"},\"image\":{\"@id\":\"https:\\\/\\\/acufastneedles.com\\\/#\\\/schema\\\/logo\\\/image\\\/\"},\"sameAs\":[\"https:\\\/\\\/www.facebook.com\\\/acufastneedles\\\/\",\"https:\\\/\\\/www.instagram.com\\\/acufast\\\/\",\"https:\\\/\\\/www.youtube.com\\\/channel\\\/UCx6YcfgiwAVJJbmq-itv6qw\"]}]}<\/script>\n<!-- \/ Yoast SEO plugin. -->","yoast_head_json":{"title":"Samples Request Confirm - Acufast\u00ae","robots":{"index":"index","follow":"follow","max-snippet":"max-snippet:-1","max-image-preview":"max-image-preview:large","max-video-preview":"max-video-preview:-1"},"canonical":"https:\/\/acufastneedles.com\/fr\/samples-request-confirm\/","og_locale":"fr_FR","og_type":"article","og_title":"Samples Request Confirm - Acufast\u00ae","og_url":"https:\/\/acufastneedles.com\/fr\/samples-request-confirm\/","og_site_name":"Acufast\u00ae","article_publisher":"https:\/\/www.facebook.com\/acufastneedles\/","article_modified_time":"2024-10-02T20:27:22+00:00","og_image":[{"width":573,"height":572,"url":"https:\/\/acufastneedles.com\/wp-content\/uploads\/2019\/10\/acufast-logo-web.jpg","type":"image\/jpeg"}],"twitter_card":"summary_large_image","twitter_misc":{"Dur\u00e9e de lecture estim\u00e9e":"10 minutes"},"schema":{"@context":"https:\/\/schema.org","@graph":[{"@type":"WebPage","@id":"https:\/\/acufastneedles.com\/samples-request-confirm\/","url":"https:\/\/acufastneedles.com\/samples-request-confirm\/","name":"Samples Request Confirm - Acufast\u00ae","isPartOf":{"@id":"https:\/\/acufastneedles.com\/#website"},"datePublished":"2024-06-10T21:01:37+00:00","dateModified":"2024-10-02T20:27:22+00:00","breadcrumb":{"@id":"https:\/\/acufastneedles.com\/samples-request-confirm\/#breadcrumb"},"inLanguage":"fr-FR","potentialAction":[{"@type":"ReadAction","target":["https:\/\/acufastneedles.com\/samples-request-confirm\/"]}]},{"@type":"BreadcrumbList","@id":"https:\/\/acufastneedles.com\/samples-request-confirm\/#breadcrumb","itemListElement":[{"@type":"ListItem","position":1,"name":"Home","item":"https:\/\/acufastneedles.com\/"},{"@type":"ListItem","position":2,"name":"Samples Request Confirm"}]},{"@type":"WebSite","@id":"https:\/\/acufastneedles.com\/#website","url":"https:\/\/acufastneedles.com\/","name":"Acufast\u00ae","description":"The Earth Friendly Acupuncture Needle","publisher":{"@id":"https:\/\/acufastneedles.com\/#organization"},"potentialAction":[{"@type":"SearchAction","target":{"@type":"EntryPoint","urlTemplate":"https:\/\/acufastneedles.com\/?s={search_term_string}"},"query-input":{"@type":"PropertyValueSpecification","valueRequired":true,"valueName":"search_term_string"}}],"inLanguage":"fr-FR"},{"@type":"Organization","@id":"https:\/\/acufastneedles.com\/#organization","name":"Aiguilles Acufast","url":"https:\/\/acufastneedles.com\/","logo":{"@type":"ImageObject","inLanguage":"fr-FR","@id":"https:\/\/acufastneedles.com\/#\/schema\/logo\/image\/","url":"https:\/\/acufastneedles.com\/wp-content\/uploads\/2019\/10\/acufast-logo-web.jpg","contentUrl":"https:\/\/acufastneedles.com\/wp-content\/uploads\/2019\/10\/acufast-logo-web.jpg","width":573,"height":572,"caption":"Acufast Needles"},"image":{"@id":"https:\/\/acufastneedles.com\/#\/schema\/logo\/image\/"},"sameAs":["https:\/\/www.facebook.com\/acufastneedles\/","https:\/\/www.instagram.com\/acufast\/","https:\/\/www.youtube.com\/channel\/UCx6YcfgiwAVJJbmq-itv6qw"]}]}},"_links":{"self":[{"href":"https:\/\/acufastneedles.com\/fr\/wp-json\/wp\/v2\/pages\/5188","targetHints":{"allow":["GET"]}}],"collection":[{"href":"https:\/\/acufastneedles.com\/fr\/wp-json\/wp\/v2\/pages"}],"about":[{"href":"https:\/\/acufastneedles.com\/fr\/wp-json\/wp\/v2\/types\/page"}],"author":[{"embeddable":true,"href":"https:\/\/acufastneedles.com\/fr\/wp-json\/wp\/v2\/users\/25"}],"replies":[{"embeddable":true,"href":"https:\/\/acufastneedles.com\/fr\/wp-json\/wp\/v2\/comments?post=5188"}],"version-history":[{"count":4,"href":"https:\/\/acufastneedles.com\/fr\/wp-json\/wp\/v2\/pages\/5188\/revisions"}],"predecessor-version":[{"id":5219,"href":"https:\/\/acufastneedles.com\/fr\/wp-json\/wp\/v2\/pages\/5188\/revisions\/5219"}],"wp:attachment":[{"href":"https:\/\/acufastneedles.com\/fr\/wp-json\/wp\/v2\/media?parent=5188"}],"curies":[{"name":"wp","href":"https:\/\/api.w.org\/{rel}","templated":true}]}}